{"id":298,"date":"2017-12-05T08:49:59","date_gmt":"2017-12-05T07:49:59","guid":{"rendered":"http:\/\/cintoparedes.com\/?page_id=298"},"modified":"2024-11-25T12:05:51","modified_gmt":"2024-11-25T11:05:51","slug":"aviso-legal","status":"publish","type":"page","link":"http:\/\/cintoparedes.com\/es\/aviso-legal\/","title":{"rendered":"Aviso legal"},"content":{"rendered":"<div class=\"wpb-content-wrapper\"><p>[vc_row][vc_column][vc_column_text]<\/p>\n<p class=\"p1\">En compliment del que estableix la Llei 34\/2002 de 11 de juliol de 2002, de \u201cServeis de la Societat de la Informaci\u00f3 i Comer\u00e7 Electr\u00f2nic\u201d, detallem les dades d\u2019informaci\u00f3 general d\u2019aquest lloc web:<\/p>\n<p class=\"p1\">Titular:<\/p>\n<p class=\"p1\">Cinto Paredes Corredoria d&#8217;Assegurances, S.L.<\/p>\n<p class=\"p1\">B-55300552<span class=\"Apple-converted-space\">\u00a0 <\/span>Tom\u00e0s Mieres, 5 1r I<span class=\"Apple-converted-space\">\u00a0 \u00a0 <\/span>17005 GIRONA <span class=\"Apple-converted-space\">\u00a0 <\/span>Tel 653 650 654<\/p>\n<p class=\"p1\"><a href=\"mailto:info@cintoparedes.com\">info@cintoparedes.com<\/a><\/p>\n<p class=\"p1\">D\u2019acord amb la Llei Org\u00e0nica 15\/1999 de 13 de desembre sobre \u201cProtecci\u00f3 de Dades de Car\u00e0cter Personal\u201d, us informem que les dades de car\u00e0cter personal que ens faciliti seran incorporades a un fitxer propietat de <i>Cinto Paredes Corredoria d&#8217;Assegurances, S.L. <\/i>les quals seran tractades amb confidencialitat i per dur a terme les consultes sol\u00b7licitades. Tamb\u00e9 l\u2019informem que pot exercir els drets d\u2019acc\u00e9s, rectificaci\u00f3, cancel\u00b7laci\u00f3 i oposici\u00f3 a <i>Tom\u00e0s Mieres, 5 1r I 17005 GIRONA<\/i><\/p>\n<p class=\"p1\"><i>Cinto Paredes Corredoria d&#8217;Assegurances, S.L. <\/i>informa que algunes de les p\u00e0gines del lloc web poden instal\u00b7lar cookies de forma autom\u00e0tica al seu navegador. Si ho desitja, pot configurar el seu navegador de manera que l\u2019avisi de les sol\u00b7licituds de col\u00b7locaci\u00f3 de cookies o perqu\u00e8 les rebutgi.<\/p>\n<p>[\/vc_column_text][\/vc_column][\/vc_row]<\/p>\n<\/div>","protected":false},"excerpt":{"rendered":"<p>[vc_row][vc_column][vc_column_text] En compliment del que estableix la Llei 34\/2002 de 11 de juliol de 2002, de \u201cServeis de la Societat de la Informaci\u00f3 i Comer\u00e7 Electr\u00f2nic\u201d, detallem les dades d\u2019informaci\u00f3 general d\u2019aquest lloc web: Titular: Cinto Paredes Corredoria d&#8217;Assegurances, S.L.&hellip;<\/p>\n","protected":false},"author":1,"featured_media":0,"parent":0,"menu_order":0,"comment_status":"closed","ping_status":"closed","template":"","meta":{"footnotes":""},"class_list":["post-298","page","type-page","status-publish","hentry"],"yoast_head":"<!-- This site is optimized with the Yoast SEO plugin v25.8 - https:\/\/yoast.com\/wordpress\/plugins\/seo\/ -->\n<title>Aviso legal - Cinto Paredes<\/title>\n<meta name=\"robots\" content=\"index, follow, max-snippet:-1, max-image-preview:large, max-video-preview:-1\" \/>\n<link rel=\"canonical\" href=\"http:\/\/cintoparedes.com\/es\/aviso-legal\/\" \/>\n<meta property=\"og:locale\" content=\"es_ES\" \/>\n<meta property=\"og:type\" content=\"article\" \/>\n<meta property=\"og:title\" content=\"Aviso legal - Cinto Paredes\" \/>\n<meta property=\"og:description\" content=\"[vc_row][vc_column][vc_column_text] En compliment del que estableix la Llei 34\/2002 de 11 de juliol de 2002, de \u201cServeis de la Societat de la Informaci\u00f3 i Comer\u00e7 Electr\u00f2nic\u201d, detallem les dades d\u2019informaci\u00f3 general d\u2019aquest lloc web: Titular: Cinto Paredes Corredoria d&#8217;Assegurances, S.L.&hellip;\" \/>\n<meta property=\"og:url\" content=\"http:\/\/cintoparedes.com\/es\/aviso-legal\/\" \/>\n<meta property=\"og:site_name\" content=\"Cinto Paredes\" \/>\n<meta property=\"article:modified_time\" content=\"2024-11-25T11:05:51+00:00\" \/>\n<meta name=\"twitter:card\" content=\"summary_large_image\" \/>\n<meta name=\"twitter:label1\" content=\"Tiempo de lectura\" \/>\n\t<meta name=\"twitter:data1\" content=\"1 minuto\" \/>\n<script type=\"application\/ld+json\" class=\"yoast-schema-graph\">{\"@context\":\"https:\/\/schema.org\",\"@graph\":[{\"@type\":\"WebPage\",\"@id\":\"http:\/\/cintoparedes.com\/es\/aviso-legal\/\",\"url\":\"http:\/\/cintoparedes.com\/es\/aviso-legal\/\",\"name\":\"Aviso legal - Cinto Paredes\",\"isPartOf\":{\"@id\":\"http:\/\/cintoparedes.com\/es\/#website\"},\"datePublished\":\"2017-12-05T07:49:59+00:00\",\"dateModified\":\"2024-11-25T11:05:51+00:00\",\"breadcrumb\":{\"@id\":\"http:\/\/cintoparedes.com\/es\/aviso-legal\/#breadcrumb\"},\"inLanguage\":\"es\",\"potentialAction\":[{\"@type\":\"ReadAction\",\"target\":[\"http:\/\/cintoparedes.com\/es\/aviso-legal\/\"]}]},{\"@type\":\"BreadcrumbList\",\"@id\":\"http:\/\/cintoparedes.com\/es\/aviso-legal\/#breadcrumb\",\"itemListElement\":[{\"@type\":\"ListItem\",\"position\":1,\"name\":\"Inici\",\"item\":\"http:\/\/cintoparedes.com\/es\/\"},{\"@type\":\"ListItem\",\"position\":2,\"name\":\"Aviso legal\"}]},{\"@type\":\"WebSite\",\"@id\":\"http:\/\/cintoparedes.com\/es\/#website\",\"url\":\"http:\/\/cintoparedes.com\/es\/\",\"name\":\"Cinto Paredes\",\"description\":\"Corredoria d&#039;assegurances\",\"potentialAction\":[{\"@type\":\"SearchAction\",\"target\":{\"@type\":\"EntryPoint\",\"urlTemplate\":\"http:\/\/cintoparedes.com\/es\/?s={search_term_string}\"},\"query-input\":{\"@type\":\"PropertyValueSpecification\",\"valueRequired\":true,\"valueName\":\"search_term_string\"}}],\"inLanguage\":\"es\"}]}<\/script>\n<!-- \/ Yoast SEO plugin. -->","yoast_head_json":{"title":"Aviso legal - Cinto Paredes","robots":{"index":"index","follow":"follow","max-snippet":"max-snippet:-1","max-image-preview":"max-image-preview:large","max-video-preview":"max-video-preview:-1"},"canonical":"http:\/\/cintoparedes.com\/es\/aviso-legal\/","og_locale":"es_ES","og_type":"article","og_title":"Aviso legal - Cinto Paredes","og_description":"[vc_row][vc_column][vc_column_text] En compliment del que estableix la Llei 34\/2002 de 11 de juliol de 2002, de \u201cServeis de la Societat de la Informaci\u00f3 i Comer\u00e7 Electr\u00f2nic\u201d, detallem les dades d\u2019informaci\u00f3 general d\u2019aquest lloc web: Titular: Cinto Paredes Corredoria d&#8217;Assegurances, S.L.&hellip;","og_url":"http:\/\/cintoparedes.com\/es\/aviso-legal\/","og_site_name":"Cinto Paredes","article_modified_time":"2024-11-25T11:05:51+00:00","twitter_card":"summary_large_image","twitter_misc":{"Tiempo de lectura":"1 minuto"},"schema":{"@context":"https:\/\/schema.org","@graph":[{"@type":"WebPage","@id":"http:\/\/cintoparedes.com\/es\/aviso-legal\/","url":"http:\/\/cintoparedes.com\/es\/aviso-legal\/","name":"Aviso legal - Cinto Paredes","isPartOf":{"@id":"http:\/\/cintoparedes.com\/es\/#website"},"datePublished":"2017-12-05T07:49:59+00:00","dateModified":"2024-11-25T11:05:51+00:00","breadcrumb":{"@id":"http:\/\/cintoparedes.com\/es\/aviso-legal\/#breadcrumb"},"inLanguage":"es","potentialAction":[{"@type":"ReadAction","target":["http:\/\/cintoparedes.com\/es\/aviso-legal\/"]}]},{"@type":"BreadcrumbList","@id":"http:\/\/cintoparedes.com\/es\/aviso-legal\/#breadcrumb","itemListElement":[{"@type":"ListItem","position":1,"name":"Inici","item":"http:\/\/cintoparedes.com\/es\/"},{"@type":"ListItem","position":2,"name":"Aviso legal"}]},{"@type":"WebSite","@id":"http:\/\/cintoparedes.com\/es\/#website","url":"http:\/\/cintoparedes.com\/es\/","name":"Cinto Paredes","description":"Corredoria d&#039;assegurances","potentialAction":[{"@type":"SearchAction","target":{"@type":"EntryPoint","urlTemplate":"http:\/\/cintoparedes.com\/es\/?s={search_term_string}"},"query-input":{"@type":"PropertyValueSpecification","valueRequired":true,"valueName":"search_term_string"}}],"inLanguage":"es"}]}},"_links":{"self":[{"href":"http:\/\/cintoparedes.com\/es\/wp-json\/wp\/v2\/pages\/298","targetHints":{"allow":["GET"]}}],"collection":[{"href":"http:\/\/cintoparedes.com\/es\/wp-json\/wp\/v2\/pages"}],"about":[{"href":"http:\/\/cintoparedes.com\/es\/wp-json\/wp\/v2\/types\/page"}],"author":[{"embeddable":true,"href":"http:\/\/cintoparedes.com\/es\/wp-json\/wp\/v2\/users\/1"}],"replies":[{"embeddable":true,"href":"http:\/\/cintoparedes.com\/es\/wp-json\/wp\/v2\/comments?post=298"}],"version-history":[{"count":0,"href":"http:\/\/cintoparedes.com\/es\/wp-json\/wp\/v2\/pages\/298\/revisions"}],"wp:attachment":[{"href":"http:\/\/cintoparedes.com\/es\/wp-json\/wp\/v2\/media?parent=298"}],"curies":[{"name":"wp","href":"https:\/\/api.w.org\/{rel}","templated":true}]}}