{"id":287,"date":"2017-12-04T14:16:09","date_gmt":"2017-12-04T13:16:09","guid":{"rendered":"http:\/\/cintoparedes.com\/?page_id=287"},"modified":"2024-11-25T12:06:04","modified_gmt":"2024-11-25T11:06:04","slug":"empresa","status":"publish","type":"page","link":"https:\/\/cintoparedes.com\/es\/empresa\/","title":{"rendered":"Empresa"},"content":{"rendered":"<div class=\"wpb-content-wrapper\"><p>[vc_row full_width=\u00bbstretch_row\u00bb][vc_column][vc_empty_space alter_height=\u00bbhuge\u00bb hide_on_mobile=\u00bb\u00bb css=\u00bb.vc_custom_1493888339540{margin-bottom: -0.6rem !important;}\u00bb][\/vc_column][vc_column offset=\u00bbvc_col-lg-6 vc_col-md-6&#8243;][vc_single_image image=\u00bb329&#8243; img_size=\u00bbfull\u00bb alignment=\u00bbcenter\u00bb onclick=\u00bblink_image\u00bb css_animation=\u00bbfadeInDown\u00bb][vc_empty_space height=\u00bb20px\u00bb alter_height=\u00bbmedium\u00bb hide_on_mobile=\u00bb\u00bb][\/vc_column][vc_column css=\u00bb.vc_custom_1494587354209{padding-right: 3rem !important;padding-left: 3.7rem !important;}\u00bb offset=\u00bbvc_col-lg-6 vc_col-md-6&#8243;]<div id=\"sc_title_819123642\"\n\t\tclass=\"sc_title sc_title_default  vc_custom_1512393300839\"><h1 class=\"sc_item_title sc_title_title sc_align_left sc_item_title_style_default sc_item_title_tag\">Cinto Paredes <i>Corredor de seguros<\/i><\/h1><\/div><!-- \/.sc_title -->[vc_empty_space alter_height=\u00bbsmall\u00bb hide_on_mobile=\u00bb\u00bb][vc_column_text]Con una experiencia profesional de m\u00e1s de 30 a\u00f1os en el sector financiero y gestionando ahorro, ha basado en la confianza, la discreci\u00f3n y profesionalidad su raz\u00f3n de ser profesional.<\/p>\n<p>Cinto Paredes tiene como principal objetivo preservar los intereses de sus clientes y por esta raz\u00f3n se constituye como corredur\u00eda. No es posible preservar los intereses del cliente cuando se es dependiente de un grupo bancario o asegurador. Con la creaci\u00f3n de la corredur\u00eda se ofrece la independencia necesaria para poder asesorar a nuestros clientes.<\/p>\n<p>Cinto Paredes se ha especializado en la gesti\u00f3n de riesgos, tanto financieros como patrimoniales y la forma se cubrirlos, de manera que no afecten al patrimonio personal o empresarial.[\/vc_column_text][vc_empty_space alter_height=\u00bbmedium\u00bb hide_on_mobile=\u00bb\u00bb css=\u00bb.vc_custom_1611913949334{margin-top: -1rem !important;}\u00bb][\/vc_column][\/vc_row][vc_row][vc_column][vc_empty_space hide_on_mobile=\u00bb\u00bb][\/vc_column][\/vc_row][vc_row][vc_column offset=\u00bbvc_hidden-sm vc_hidden-xs\u00bb][rev_slider_vc alias=\u00bbempresa-esp\u00bb][\/vc_column][\/vc_row][vc_row][vc_column offset=\u00bbvc_hidden-lg vc_hidden-md\u00bb][rev_slider_vc alias=\u00bbempresa-esp-mobil\u00bb][\/vc_column][\/vc_row][vc_row][vc_column][vc_empty_space height=\u00bb52px\u00bb hide_on_mobile=\u00bb\u00bb][\/vc_column][\/vc_row][vc_row][vc_column width=\u00bb1\/3&#8243;][vc_single_image image=\u00bb337&#8243; img_size=\u00bb500&#215;500&#8243; onclick=\u00bblink_image\u00bb css_animation=\u00bbfadeInDown\u00bb][vc_empty_space height=\u00bb15px\u00bb hide_on_mobile=\u00bb\u00bb][\/vc_column][vc_column width=\u00bb1\/3&#8243;][vc_single_image image=\u00bb335&#8243; img_size=\u00bb500&#215;500&#8243; alignment=\u00bbcenter\u00bb onclick=\u00bblink_image\u00bb css_animation=\u00bbfadeInDown\u00bb][vc_empty_space height=\u00bb15px\u00bb hide_on_mobile=\u00bb\u00bb][\/vc_column][vc_column width=\u00bb1\/3&#8243;][vc_single_image image=\u00bb333&#8243; img_size=\u00bb500&#215;500&#8243; alignment=\u00bbright\u00bb onclick=\u00bblink_image\u00bb css_animation=\u00bbfadeInDown\u00bb][vc_empty_space height=\u00bb15px\u00bb hide_on_mobile=\u00bb\u00bb][\/vc_column][\/vc_row][vc_row][vc_column]<div class=\"sc_layouts sc_layouts_default sc_layouts_284\">[vc_row full_width=\"stretch_row_content_no_spaces\" equal_height=\"yes\" scheme=\"dark\"][vc_column width=\"1\/3\" icons_position=\"left\" css=\".vc_custom_1509448650802{background-image: url(http:\/\/cintoparedes.com\/nova\/wp-content\/uploads\/2017\/10\/CP_home_menus_empresa_01.jpg?id=124) !important;background-position: center !important;background-repeat: no-repeat !important;background-size: cover !important;}\"][vc_row_inner css=\".vc_custom_1510040636867{background-image: url(http:\/\/cintoparedes.com\/wp-content\/uploads\/2017\/10\/CP_home_menus_empresa_01.jpg?id=124) !important;}\"][vc_column_inner width=\"1\/4\" icons_position=\"left\" offset=\"vc_col-xs-3\"][\/vc_column_inner][vc_column_inner width=\"7\/12\" icons_position=\"left\" offset=\"vc_col-xs-7\"][vc_empty_space alter_height=\"medium\" hide_on_mobile=\"\" css=\".vc_custom_1494223922937{margin-bottom: 1.1rem !important;}\"]<div class=\"sc_layouts_item\"><div id=\"empresa-es\" class=\"sc_services sc_services_list sc_services_featured_top submenu\"><div class=\"sc_services_content sc_item_content sc_item_columns_1\"><div class=\"sc_services_item without_content with_image sc_services_item_featured_top\">\n\t\t\n\t<div class=\"sc_services_item_info\">\n\t\t<div class=\"sc_services_item_header\">\n\t\t\t<h6 class=\"sc_services_item_title\"><a href=\"https:\/\/cintoparedes.com\/es\/services\/empresa\/\">Empresa<\/a><\/h6>\n\t\t<\/div>\n\t\t\t\t\t<div class=\"sc_services_item_content\"><p>Con una experiencia profesional de m\u00e1s de 30 a\u00f1os en el sector financiero y gestionando\u2026<\/p>\n<\/div>\n\t\t\t<\/div>\n<\/div>\n<\/div><\/div><!-- \/.sc_services --><\/div>[vc_empty_space alter_height=\"medium\" hide_on_mobile=\"\" css=\".vc_custom_1494224017121{margin-bottom: 0.25rem !important;}\"][\/vc_column_inner][\/vc_row_inner][\/vc_column][vc_column width=\"1\/3\" icons_position=\"left\" css=\".vc_custom_1509448686955{background-image: url(http:\/\/cintoparedes.com\/nova\/wp-content\/uploads\/2017\/10\/CP_home_menus_finances_02.jpg?id=126) !important;background-position: center !important;background-repeat: no-repeat !important;background-size: cover !important;}\"][vc_row_inner css=\".vc_custom_1510040698124{background-image: url(http:\/\/cintoparedes.com\/wp-content\/uploads\/2017\/10\/CP_home_menus_finances_02.jpg?id=126) !important;}\"][vc_column_inner width=\"1\/4\" icons_position=\"left\" offset=\"vc_col-xs-3\"][\/vc_column_inner][vc_column_inner width=\"7\/12\" icons_position=\"left\" offset=\"vc_col-xs-7\"][vc_empty_space alter_height=\"medium\" hide_on_mobile=\"\" css=\".vc_custom_1494223922937{margin-bottom: 1.1rem !important;}\"]<div class=\"sc_layouts_item\"><div id=\"finances-es\" class=\"sc_services sc_services_list sc_services_featured_top submenu\"><div class=\"sc_services_content sc_item_content sc_item_columns_1\"><div class=\"sc_services_item without_content with_image sc_services_item_featured_top\">\n\t\t\n\t<div class=\"sc_services_item_info\">\n\t\t<div class=\"sc_services_item_header\">\n\t\t\t<h6 class=\"sc_services_item_title\"><a href=\"https:\/\/cintoparedes.com\/es\/services\/finanzas\/\">Finanzas<\/a><\/h6>\n\t\t<\/div>\n\t\t\t\t\t<div class=\"sc_services_item_content\"><p>Asesorar de forma independiente, s\u00f3lo es posible cuando se conocen los objetivos del cliente y los productos financieros que ofrece el mercado\u2026<\/p>\n<\/div>\n\t\t\t<\/div>\n<\/div>\n<\/div><\/div><!-- \/.sc_services --><\/div>[vc_empty_space alter_height=\"medium\" hide_on_mobile=\"\" css=\".vc_custom_1494224017121{margin-bottom: 0.25rem !important;}\"][\/vc_column_inner][\/vc_row_inner][\/vc_column][vc_column width=\"1\/3\" icons_position=\"left\" css=\".vc_custom_1509449073639{background-image: url(http:\/\/cintoparedes.com\/nova\/wp-content\/uploads\/2017\/10\/CP_home_menus_assegurances_03.jpg?id=128) !important;background-position: center !important;background-repeat: no-repeat !important;background-size: cover !important;}\"][vc_row_inner css=\".vc_custom_1510040716112{background-image: url(http:\/\/cintoparedes.com\/wp-content\/uploads\/2017\/10\/CP_home_menus_assegurances_03.jpg?id=128) !important;}\"][vc_column_inner width=\"1\/4\" icons_position=\"left\" offset=\"vc_col-xs-3\"][\/vc_column_inner][vc_column_inner width=\"7\/12\" icons_position=\"left\" offset=\"vc_col-xs-7\"][vc_empty_space alter_height=\"medium\" hide_on_mobile=\"\" css=\".vc_custom_1494223922937{margin-bottom: 1.1rem !important;}\"]<div class=\"sc_layouts_item\"><div id=\"assegurances-es\" class=\"sc_services sc_services_list sc_services_featured_top submenu\"><div class=\"sc_services_content sc_item_content sc_item_columns_1\"><div class=\"sc_services_item without_content with_image sc_services_item_featured_top\">\n\t\t\n\t<div class=\"sc_services_item_info\">\n\t\t<div class=\"sc_services_item_header\">\n\t\t\t<h6 class=\"sc_services_item_title\"><a href=\"https:\/\/cintoparedes.com\/es\/services\/seguros\/\">Seguros<\/a><\/h6>\n\t\t<\/div>\n\t\t\t\t\t<div class=\"sc_services_item_content\"><p>Nos implicamos en las necesidades aseguradoras de nuestros clientes y creemos que la gerencia de riesgos es el mejor m\u00e9todo para poder asesorar\u2026<\/p>\n<\/div>\n\t\t\t<\/div>\n<\/div>\n<\/div><\/div><!-- \/.sc_services --><\/div>[vc_empty_space alter_height=\"medium\" hide_on_mobile=\"\" css=\".vc_custom_1494224017121{margin-bottom: 0.25rem !important;}\"][\/vc_column_inner][\/vc_row_inner][\/vc_column][\/vc_row]<\/div>[\/vc_column][\/vc_row]<\/p>\n<\/div>","protected":false},"excerpt":{"rendered":"<p>[vc_row full_width=\u00bbstretch_row\u00bb][vc_column][vc_empty_space alter_height=\u00bbhuge\u00bb hide_on_mobile=\u00bb\u00bb css=\u00bb.vc_custom_1493888339540{margin-bottom: -0.6rem !important;}\u00bb][\/vc_column][vc_column offset=\u00bbvc_col-lg-6 vc_col-md-6&#8243;][vc_single_image image=\u00bb329&#8243; img_size=\u00bbfull\u00bb alignment=\u00bbcenter\u00bb onclick=\u00bblink_image\u00bb css_animation=\u00bbfadeInDown\u00bb][vc_empty_space height=\u00bb20px\u00bb alter_height=\u00bbmedium\u00bb hide_on_mobile=\u00bb\u00bb][\/vc_column][vc_column css=\u00bb.vc_custom_1494587354209{padding-right: 3rem !important;padding-left: 3.7rem !important;}\u00bb offset=\u00bbvc_col-lg-6 vc_col-md-6&#8243;][vc_empty_space alter_height=\u00bbsmall\u00bb hide_on_mobile=\u00bb\u00bb][vc_column_text]Con una experiencia profesional de m\u00e1s de 30 a\u00f1os en el sector financiero y gestionando&hellip;<\/p>\n","protected":false},"author":1,"featured_media":0,"parent":0,"menu_order":0,"comment_status":"closed","ping_status":"closed","template":"","meta":{"footnotes":""},"class_list":["post-287","page","type-page","status-publish","hentry"],"yoast_head":"<!-- This site is optimized with the Yoast SEO plugin v25.8 - https:\/\/yoast.com\/wordpress\/plugins\/seo\/ -->\n<title>Empresa - Cinto Paredes<\/title>\n<meta name=\"robots\" content=\"index, follow, max-snippet:-1, max-image-preview:large, max-video-preview:-1\" \/>\n<link rel=\"canonical\" href=\"http:\/\/cintoparedes.com\/empresa-2-antigua\/\" \/>\n<meta property=\"og:locale\" content=\"es_ES\" \/>\n<meta property=\"og:type\" content=\"article\" \/>\n<meta property=\"og:title\" content=\"Empresa - Cinto Paredes\" \/>\n<meta property=\"og:description\" content=\"[vc_row full_width=\u00bbstretch_row\u00bb][vc_column][vc_empty_space alter_height=\u00bbhuge\u00bb hide_on_mobile=\u00bb\u00bb css=\u00bb.vc_custom_1493888339540{margin-bottom: -0.6rem !important;}\u00bb][\/vc_column][vc_column offset=\u00bbvc_col-lg-6 vc_col-md-6&#8243;][vc_single_image image=\u00bb329&#8243; img_size=\u00bbfull\u00bb alignment=\u00bbcenter\u00bb onclick=\u00bblink_image\u00bb css_animation=\u00bbfadeInDown\u00bb][vc_empty_space height=\u00bb20px\u00bb alter_height=\u00bbmedium\u00bb hide_on_mobile=\u00bb\u00bb][\/vc_column][vc_column css=\u00bb.vc_custom_1494587354209{padding-right: 3rem !important;padding-left: 3.7rem !important;}\u00bb offset=\u00bbvc_col-lg-6 vc_col-md-6&#8243;][vc_empty_space alter_height=\u00bbsmall\u00bb hide_on_mobile=\u00bb\u00bb][vc_column_text]Con una experiencia profesional de m\u00e1s de 30 a\u00f1os en el sector financiero y gestionando&hellip;\" \/>\n<meta property=\"og:url\" content=\"http:\/\/cintoparedes.com\/empresa-2-antigua\/\" \/>\n<meta property=\"og:site_name\" content=\"Cinto Paredes\" \/>\n<meta property=\"article:modified_time\" content=\"2024-11-25T11:06:04+00:00\" \/>\n<meta name=\"twitter:card\" content=\"summary_large_image\" \/>\n<meta name=\"twitter:label1\" content=\"Tiempo de lectura\" \/>\n\t<meta name=\"twitter:data1\" content=\"2 minutos\" \/>\n<script type=\"application\/ld+json\" class=\"yoast-schema-graph\">{\"@context\":\"https:\/\/schema.org\",\"@graph\":[{\"@type\":\"WebPage\",\"@id\":\"http:\/\/cintoparedes.com\/empresa-2-antigua\/\",\"url\":\"http:\/\/cintoparedes.com\/empresa-2-antigua\/\",\"name\":\"Empresa - Cinto Paredes\",\"isPartOf\":{\"@id\":\"http:\/\/cintoparedes.com\/#website\"},\"datePublished\":\"2017-12-04T13:16:09+00:00\",\"dateModified\":\"2024-11-25T11:06:04+00:00\",\"breadcrumb\":{\"@id\":\"http:\/\/cintoparedes.com\/empresa-2-antigua\/#breadcrumb\"},\"inLanguage\":\"es\",\"potentialAction\":[{\"@type\":\"ReadAction\",\"target\":[\"http:\/\/cintoparedes.com\/empresa-2-antigua\/\"]}]},{\"@type\":\"BreadcrumbList\",\"@id\":\"http:\/\/cintoparedes.com\/empresa-2-antigua\/#breadcrumb\",\"itemListElement\":[{\"@type\":\"ListItem\",\"position\":1,\"name\":\"Inici\",\"item\":\"http:\/\/cintoparedes.com\/es\/\"},{\"@type\":\"ListItem\",\"position\":2,\"name\":\"Empresa\"}]},{\"@type\":\"WebSite\",\"@id\":\"http:\/\/cintoparedes.com\/#website\",\"url\":\"http:\/\/cintoparedes.com\/\",\"name\":\"Cinto Paredes\",\"description\":\"Corredoria d&#039;assegurances\",\"potentialAction\":[{\"@type\":\"SearchAction\",\"target\":{\"@type\":\"EntryPoint\",\"urlTemplate\":\"http:\/\/cintoparedes.com\/?s={search_term_string}\"},\"query-input\":{\"@type\":\"PropertyValueSpecification\",\"valueRequired\":true,\"valueName\":\"search_term_string\"}}],\"inLanguage\":\"es\"}]}<\/script>\n<!-- \/ Yoast SEO plugin. -->","yoast_head_json":{"title":"Empresa - Cinto Paredes","robots":{"index":"index","follow":"follow","max-snippet":"max-snippet:-1","max-image-preview":"max-image-preview:large","max-video-preview":"max-video-preview:-1"},"canonical":"http:\/\/cintoparedes.com\/empresa-2-antigua\/","og_locale":"es_ES","og_type":"article","og_title":"Empresa - Cinto Paredes","og_description":"[vc_row full_width=\u00bbstretch_row\u00bb][vc_column][vc_empty_space alter_height=\u00bbhuge\u00bb hide_on_mobile=\u00bb\u00bb css=\u00bb.vc_custom_1493888339540{margin-bottom: -0.6rem !important;}\u00bb][\/vc_column][vc_column offset=\u00bbvc_col-lg-6 vc_col-md-6&#8243;][vc_single_image image=\u00bb329&#8243; img_size=\u00bbfull\u00bb alignment=\u00bbcenter\u00bb onclick=\u00bblink_image\u00bb css_animation=\u00bbfadeInDown\u00bb][vc_empty_space height=\u00bb20px\u00bb alter_height=\u00bbmedium\u00bb hide_on_mobile=\u00bb\u00bb][\/vc_column][vc_column css=\u00bb.vc_custom_1494587354209{padding-right: 3rem !important;padding-left: 3.7rem !important;}\u00bb offset=\u00bbvc_col-lg-6 vc_col-md-6&#8243;][vc_empty_space alter_height=\u00bbsmall\u00bb hide_on_mobile=\u00bb\u00bb][vc_column_text]Con una experiencia profesional de m\u00e1s de 30 a\u00f1os en el sector financiero y gestionando&hellip;","og_url":"http:\/\/cintoparedes.com\/empresa-2-antigua\/","og_site_name":"Cinto Paredes","article_modified_time":"2024-11-25T11:06:04+00:00","twitter_card":"summary_large_image","twitter_misc":{"Tiempo de lectura":"2 minutos"},"schema":{"@context":"https:\/\/schema.org","@graph":[{"@type":"WebPage","@id":"http:\/\/cintoparedes.com\/empresa-2-antigua\/","url":"http:\/\/cintoparedes.com\/empresa-2-antigua\/","name":"Empresa - Cinto Paredes","isPartOf":{"@id":"http:\/\/cintoparedes.com\/#website"},"datePublished":"2017-12-04T13:16:09+00:00","dateModified":"2024-11-25T11:06:04+00:00","breadcrumb":{"@id":"http:\/\/cintoparedes.com\/empresa-2-antigua\/#breadcrumb"},"inLanguage":"es","potentialAction":[{"@type":"ReadAction","target":["http:\/\/cintoparedes.com\/empresa-2-antigua\/"]}]},{"@type":"BreadcrumbList","@id":"http:\/\/cintoparedes.com\/empresa-2-antigua\/#breadcrumb","itemListElement":[{"@type":"ListItem","position":1,"name":"Inici","item":"http:\/\/cintoparedes.com\/es\/"},{"@type":"ListItem","position":2,"name":"Empresa"}]},{"@type":"WebSite","@id":"http:\/\/cintoparedes.com\/#website","url":"http:\/\/cintoparedes.com\/","name":"Cinto Paredes","description":"Corredoria d&#039;assegurances","potentialAction":[{"@type":"SearchAction","target":{"@type":"EntryPoint","urlTemplate":"http:\/\/cintoparedes.com\/?s={search_term_string}"},"query-input":{"@type":"PropertyValueSpecification","valueRequired":true,"valueName":"search_term_string"}}],"inLanguage":"es"}]}},"_links":{"self":[{"href":"https:\/\/cintoparedes.com\/es\/wp-json\/wp\/v2\/pages\/287","targetHints":{"allow":["GET"]}}],"collection":[{"href":"https:\/\/cintoparedes.com\/es\/wp-json\/wp\/v2\/pages"}],"about":[{"href":"https:\/\/cintoparedes.com\/es\/wp-json\/wp\/v2\/types\/page"}],"author":[{"embeddable":true,"href":"https:\/\/cintoparedes.com\/es\/wp-json\/wp\/v2\/users\/1"}],"replies":[{"embeddable":true,"href":"https:\/\/cintoparedes.com\/es\/wp-json\/wp\/v2\/comments?post=287"}],"version-history":[{"count":0,"href":"https:\/\/cintoparedes.com\/es\/wp-json\/wp\/v2\/pages\/287\/revisions"}],"wp:attachment":[{"href":"https:\/\/cintoparedes.com\/es\/wp-json\/wp\/v2\/media?parent=287"}],"curies":[{"name":"wp","href":"https:\/\/api.w.org\/{rel}","templated":true}]}}